{"id":8993,"date":"2021-04-07T10:35:30","date_gmt":"2021-04-07T10:35:30","guid":{"rendered":"http:\/\/madrid2.com\/residencia\/?page_id=8993"},"modified":"2021-04-10T07:45:01","modified_gmt":"2021-04-10T07:45:01","slug":"nutricion","status":"publish","type":"page","link":"http:\/\/madrid2.com\/residencia\/nutricion\/","title":{"rendered":"Nutrici\u00f3n"},"content":{"rendered":"\n[et_pb_section fb_built=\u00bb1&#8243; prev_background_color=\u00bb#ffffff\u00bb admin_label=\u00bbAbout\u00bb _builder_version=\u00bb4.9.3&#8243; background_color=\u00bb#fafafa\u00bb use_background_color_gradient=\u00bbon\u00bb background_color_gradient_start=\u00bb#fafafa\u00bb background_color_gradient_end=\u00bb#ffffff\u00bb background_size=\u00bbcontain\u00bb background_position=\u00bbbottom_right\u00bb background_blend=\u00bbmultiply\u00bb custom_padding=\u00bb4vw||||false|false\u00bb top_divider_style=\u00bbwave\u00bb top_divider_height=\u00bb4vw\u00bb top_divider_repeat=\u00bb0.75x\u00bb hover_enabled=\u00bb0&#8243; background_enable_image=\u00bboff\u00bb sticky_enabled=\u00bb0&#8243;][et_pb_row column_structure=\u00bb1_2,1_2&#8243; _builder_version=\u00bb3.25&#8243; locked=\u00bboff\u00bb][et_pb_column type=\u00bb1_2&#8243; _builder_version=\u00bb3.25&#8243; custom_padding=\u00bb|||\u00bb custom_padding__hover=\u00bb|||\u00bb][et_pb_text _builder_version=\u00bb4.9.3&#8243; text_font=\u00bb||||||||\u00bb text_line_height=\u00bb2em\u00bb header_font=\u00bb||||||||\u00bb header_3_font=\u00bbMerriweather|700|||||||\u00bb header_3_font_size=\u00bb26px\u00bb header_3_line_height=\u00bb1.6em\u00bb header_3_font_size_tablet=\u00bb\u00bb header_3_font_size_phone=\u00bb20px\u00bb header_3_font_size_last_edited=\u00bbon|phone\u00bb locked=\u00bboff\u00bb]<h3>NUTRICI\u00d3N<\/h3>\n<p>Nuestra Residencia valora el servicio de cocina como unos de los principales en el centro. La buena nutrici\u00f3n y la hidrataci\u00f3n no s\u00f3lo son esenciales para la salud sino que el disfrute de las comidas reci\u00e9n preparadas tambi\u00e9n ayuda en el bienestar f\u00edsico y mental de nuestros Residentes.<\/p>[\/et_pb_text][\/et_pb_column][et_pb_column type=\u00bb1_2&#8243; _builder_version=\u00bb3.25&#8243; custom_padding=\u00bb|||\u00bb custom_padding__hover=\u00bb|||\u00bb][et_pb_image src=\u00bbhttp:\/\/madrid2.com\/residencia\/wp-content\/uploads\/2021\/04\/comedor_residencia_ajofrin.jpg\u00bb title_text=\u00bbcomedor_residencia_ajofrin\u00bb _builder_version=\u00bb4.9.3&#8243; _module_preset=\u00bbdefault\u00bb border_radii=\u00bbon|15px|15px|15px|15px\u00bb][\/et_pb_image][\/et_pb_column][\/et_pb_row][\/et_pb_section][et_pb_section fb_built=\u00bb1&#8243; admin_label=\u00bbAbout Me\u00bb _builder_version=\u00bb4.9.3&#8243; background_color=\u00bb#fafafa\u00bb custom_padding=\u00bb|0px||0px|false|false\u00bb top_divider_style=\u00bbcurve\u00bb top_divider_height=\u00bb6vw\u00bb top_divider_flip=\u00bbvertical\u00bb hover_enabled=\u00bb0&#8243; top_divider_color=\u00bb#ffffff\u00bb sticky_enabled=\u00bb0&#8243;][et_pb_row column_structure=\u00bb1_2,1_2&#8243; _builder_version=\u00bb3.25&#8243;][et_pb_column type=\u00bb1_2&#8243; _builder_version=\u00bb3.25&#8243; custom_padding=\u00bb|||\u00bb custom_padding__hover=\u00bb|||\u00bb][et_pb_image src=\u00bbhttp:\/\/madrid2.com\/residencia\/wp-content\/uploads\/2021\/04\/nutritionist-36.png\u00bb align_tablet=\u00bbcenter\u00bb align_phone=\u00bb\u00bb align_last_edited=\u00bbon|desktop\u00bb _builder_version=\u00bb3.23&#8243; custom_margin=\u00bb||0px|\u00bb][\/et_pb_image][et_pb_blurb title=\u00bbCOMEDOR DE FAMILIAS\u00bb image_max_width=\u00bb80px\u00bb _builder_version=\u00bb4.9.3&#8243; header_font=\u00bbMerriweather|700|||||||\u00bb header_line_height=\u00bb1.8em\u00bb body_font=\u00bb||||||||\u00bb body_font_size=\u00bb19px\u00bb body_line_height=\u00bb2em\u00bb background_color=\u00bb#15c39a\u00bb text_orientation=\u00bbcenter\u00bb background_layout=\u00bbdark\u00bb custom_margin=\u00bb||-30px|\u00bb custom_padding=\u00bb60px|80px|60px|80px|true|true\u00bb custom_padding_tablet=\u00bb\u00bb custom_padding_phone=\u00bb100px|40px|100px|40px|true|true\u00bb custom_padding_last_edited=\u00bbon|desktop\u00bb animation_style=\u00bbzoom\u00bb animation_intensity_zoom=\u00bb10%\u00bb hover_enabled=\u00bb0&#8243; border_radii=\u00bb||200px||200px\u00bb border_radii_image=\u00bbon|100px|100px|100px|100px\u00bb box_shadow_style_image=\u00bbpreset1&#8243; box_shadow_vertical_image=\u00bb10px\u00bb box_shadow_blur_image=\u00bb40px\u00bb box_shadow_spread_image=\u00bb-10px\u00bb box_shadow_color_image=\u00bbrgba(91,110,115,0.1)\u00bb locked=\u00bboff\u00bb sticky_enabled=\u00bb0&#8243; body_letter_spacing=\u00bb1px\u00bb body_text_align=\u00bbleft\u00bb]<p>Tenemos servicio de restaurante en nuestro comedor para familias, donde el Residentes pueden disfrutar de una comida agradable y especial en compa\u00f1\u00eda de su familia.<br \/>Con invitaci\u00f3n especial por parte de la Residencia el d\u00eda de su cumplea\u00f1os.<\/p>[\/et_pb_blurb][et_pb_button button_text=\u00bbContacto\u00bb button_alignment=\u00bbright\u00bb _builder_version=\u00bb4.9.3&#8243; custom_button=\u00bbon\u00bb button_text_size=\u00bb13px\u00bb button_text_color=\u00bb#ffffff\u00bb button_bg_color=\u00bb#437a88&#8243; button_border_width=\u00bb0px\u00bb button_border_color=\u00bbrgba(0,0,0,0)\u00bb button_border_radius=\u00bb100px\u00bb button_letter_spacing=\u00bb2px\u00bb button_font=\u00bbMontserrat|500||on|||||\u00bb button_use_icon=\u00bboff\u00bb custom_padding=\u00bb16px|30px|16px|30px|true|true\u00bb hover_enabled=\u00bb0&#8243; box_shadow_style=\u00bbpreset1&#8243; box_shadow_vertical=\u00bb10px\u00bb box_shadow_blur=\u00bb20px\u00bb box_shadow_color=\u00bbrgba(67,122,136,0.3)\u00bb button_letter_spacing_hover=\u00bb2px\u00bb locked=\u00bboff\u00bb button_text_size__hover_enabled=\u00bboff\u00bb button_one_text_size__hover_enabled=\u00bboff\u00bb button_two_text_size__hover_enabled=\u00bboff\u00bb button_text_color__hover_enabled=\u00bboff\u00bb button_one_text_color__hover_enabled=\u00bboff\u00bb button_two_text_color__hover_enabled=\u00bboff\u00bb button_border_width__hover_enabled=\u00bboff\u00bb button_one_border_width__hover_enabled=\u00bboff\u00bb button_two_border_width__hover_enabled=\u00bboff\u00bb button_border_color__hover_enabled=\u00bboff\u00bb button_one_border_color__hover_enabled=\u00bboff\u00bb button_two_border_color__hover_enabled=\u00bboff\u00bb button_border_radius__hover_enabled=\u00bboff\u00bb button_one_border_radius__hover_enabled=\u00bboff\u00bb button_two_border_radius__hover_enabled=\u00bboff\u00bb button_letter_spacing__hover_enabled=\u00bbon\u00bb button_letter_spacing__hover=\u00bb2px\u00bb button_one_letter_spacing__hover_enabled=\u00bboff\u00bb button_two_letter_spacing__hover_enabled=\u00bboff\u00bb button_bg_color__hover_enabled=\u00bboff\u00bb button_one_bg_color__hover_enabled=\u00bboff\u00bb button_two_bg_color__hover_enabled=\u00bboff\u00bb button_url=\u00bb@ET-DC@eyJkeW5hbWljIjp0cnVlLCJjb250ZW50IjoicG9zdF9saW5rX3VybF9wYWdlIiwic2V0dGluZ3MiOnsicG9zdF9pZCI6Ijg4NDQifX0=@\u00bb _dynamic_attributes=\u00bbbutton_url\u00bb sticky_enabled=\u00bb0&#8243;][\/et_pb_button][\/et_pb_column][et_pb_column type=\u00bb1_2&#8243; _builder_version=\u00bb3.25&#8243; custom_padding=\u00bb|||\u00bb custom_padding__hover=\u00bb|||\u00bb][et_pb_text _builder_version=\u00bb4.9.3&#8243; text_font=\u00bb||||||||\u00bb text_line_height=\u00bb2em\u00bb header_font=\u00bb||||||||\u00bb header_3_font=\u00bbMerriweather|700|||||||\u00bb header_3_font_size=\u00bb30px\u00bb header_3_line_height=\u00bb1.6em\u00bb header_4_font=\u00bbMerriweather|700|||||||\u00bb header_4_text_color=\u00bb#15c39a\u00bb header_4_line_height=\u00bb1.8em\u00bb background_color=\u00bb#f9f9f4&#8243; text_orientation=\u00bbcenter\u00bb max_width=\u00bb700px\u00bb module_alignment=\u00bbcenter\u00bb header_3_font_size_tablet=\u00bb\u00bb header_3_font_size_phone=\u00bb16px\u00bb header_3_font_size_last_edited=\u00bbon|desktop\u00bb header_4_font_size_tablet=\u00bb\u00bb header_4_font_size_phone=\u00bb14px\u00bb header_4_font_size_last_edited=\u00bbon|phone\u00bb locked=\u00bboff\u00bb]<h3>MENUS VARIADOS<\/h3>\n<h4>DESAYUNO, COMIDA, MERIENDA Y CENA<\/h4>\n<p style=\"text-align: left;\">Todas las comidas son preparadas en nuestro centro todos los d\u00edas del a\u00f1o, tenemos cocina propia. Dietas individualizadas.<\/p>\n<p style=\"text-align: left;\">Doble opci\u00f3n tanto de primer plato como del segundo, platos texturizados y adaptados a la capacidad de degluci\u00f3n de cada Residente, postres caseros, fruta variada y de temporada.<\/p>\n<p style=\"text-align: left;\">Apostamos por la materia prima de calidad y la variedad en los men\u00fas dependiendo de la temporada estival y la comida tradicional y mediterr\u00e1nea.<\/p>[\/et_pb_text][\/et_pb_column][\/et_pb_row][\/et_pb_section][et_pb_section fb_built=\u00bb1&#8243; prev_background_color=\u00bb#fafafa\u00bb admin_label=\u00bbAbout\u00bb _builder_version=\u00bb4.9.3&#8243; background_color=\u00bb#fafafa\u00bb use_background_color_gradient=\u00bbon\u00bb background_color_gradient_start=\u00bb#fafafa\u00bb background_color_gradient_end=\u00bb#ffffff\u00bb background_image=\u00bbhttp:\/\/madrid2.com\/residencia\/wp-content\/uploads\/2021\/04\/nutritionist-24.jpg\u00bb background_size=\u00bbcontain\u00bb background_position=\u00bbbottom_right\u00bb background_blend=\u00bbmultiply\u00bb custom_padding=\u00bb||||false|false\u00bb top_divider_style=\u00bbwave\u00bb top_divider_height=\u00bb10vw\u00bb top_divider_repeat=\u00bb0.75x\u00bb hover_enabled=\u00bb0&#8243; sticky_enabled=\u00bb0&#8243;][et_pb_row column_structure=\u00bb1_3,1_3,1_3&#8243; _builder_version=\u00bb3.25&#8243;][et_pb_column type=\u00bb1_3&#8243; _builder_version=\u00bb3.25&#8243; custom_padding=\u00bb|||\u00bb custom_padding__hover=\u00bb|||\u00bb][et_pb_blurb title=\u00bbEnsalada campera\u00bb image=\u00bbhttp:\/\/madrid2.com\/residencia\/wp-content\/uploads\/2021\/04\/ensalada-campera.jpg\u00bb image_max_width_tablet=\u00bb60px\u00bb image_max_width_phone=\u00bb250px\u00bb image_max_width_last_edited=\u00bbon|tablet\u00bb _builder_version=\u00bb4.9.3&#8243; header_font=\u00bbMerriweather|700|||||||\u00bb header_line_height=\u00bb1.8em\u00bb body_line_height=\u00bb2em\u00bb background_color=\u00bb#ffffff\u00bb background_image=\u00bbhttp:\/\/madrid2.com\/residencia\/wp-content\/uploads\/2021\/04\/nutritionist-27-1.png\u00bb background_size=\u00bbcontain\u00bb background_position=\u00bbtop_right\u00bb text_orientation=\u00bbcenter\u00bb custom_padding=\u00bb50px|30px|50px|30px|true|true\u00bb animation_style=\u00bbzoom\u00bb animation_intensity_zoom=\u00bb10%\u00bb hover_enabled=\u00bb0&#8243; border_radii=\u00bbon|10px|10px|10px|10px\u00bb box_shadow_style=\u00bbpreset1&#8243; box_shadow_vertical=\u00bb10px\u00bb box_shadow_blur=\u00bb60px\u00bb box_shadow_color=\u00bbrgba(1,33,92,0.1)\u00bb sticky_enabled=\u00bb0&#8243;][\/et_pb_blurb][et_pb_blurb title=\u00bbPollo en pepitoria\u00bb image=\u00bbhttp:\/\/madrid2.com\/residencia\/wp-content\/uploads\/2021\/04\/pollo-en-pepitoria.jpg\u00bb image_max_width_tablet=\u00bb60px\u00bb image_max_width_phone=\u00bb250px\u00bb image_max_width_last_edited=\u00bbon|tablet\u00bb _builder_version=\u00bb4.9.3&#8243; header_font=\u00bbMerriweather|700|||||||\u00bb header_line_height=\u00bb1.8em\u00bb body_line_height=\u00bb2em\u00bb background_color=\u00bb#ffffff\u00bb background_image=\u00bbhttp:\/\/madrid2.com\/residencia\/wp-content\/uploads\/2021\/04\/nutritionist-25-1.png\u00bb background_size=\u00bbcontain\u00bb background_position=\u00bbtop_right\u00bb text_orientation=\u00bbcenter\u00bb custom_margin=\u00bb60px|||\u00bb custom_margin_tablet=\u00bb0px|||\u00bb custom_margin_phone=\u00bb\u00bb custom_margin_last_edited=\u00bbon|tablet\u00bb custom_padding=\u00bb50px|30px|50px|30px|true|true\u00bb animation_style=\u00bbzoom\u00bb animation_intensity_zoom=\u00bb10%\u00bb hover_enabled=\u00bb0&#8243; border_radii=\u00bbon|10px|10px|10px|10px\u00bb box_shadow_style=\u00bbpreset1&#8243; box_shadow_vertical=\u00bb10px\u00bb box_shadow_blur=\u00bb60px\u00bb box_shadow_color=\u00bbrgba(1,33,92,0.1)\u00bb locked=\u00bboff\u00bb sticky_enabled=\u00bb0&#8243;][\/et_pb_blurb][et_pb_blurb title=\u00bbJudi\u00edas blancas\u00bb image=\u00bbhttp:\/\/madrid2.com\/residencia\/wp-content\/uploads\/2021\/04\/JUDIAS-BLANCAS.jpg\u00bb image_max_width_tablet=\u00bb60px\u00bb image_max_width_phone=\u00bb250px\u00bb image_max_width_last_edited=\u00bbon|tablet\u00bb _builder_version=\u00bb4.9.3&#8243; header_font=\u00bbMerriweather|700|||||||\u00bb header_line_height=\u00bb1.8em\u00bb body_line_height=\u00bb2em\u00bb background_color=\u00bb#ffffff\u00bb background_image=\u00bbhttp:\/\/madrid2.com\/residencia\/wp-content\/uploads\/2021\/02\/nutritionist-26-1.png\u00bb background_size=\u00bbcontain\u00bb background_position=\u00bbtop_right\u00bb text_orientation=\u00bbcenter\u00bb custom_margin=\u00bb60px|||\u00bb custom_margin_tablet=\u00bb0px|||\u00bb custom_margin_phone=\u00bb\u00bb custom_margin_last_edited=\u00bbon|tablet\u00bb custom_padding=\u00bb50px|30px|50px|30px|true|true\u00bb animation_style=\u00bbzoom\u00bb animation_intensity_zoom=\u00bb10%\u00bb hover_enabled=\u00bb0&#8243; border_radii=\u00bbon|10px|10px|10px|10px\u00bb box_shadow_style=\u00bbpreset1&#8243; box_shadow_vertical=\u00bb10px\u00bb box_shadow_blur=\u00bb60px\u00bb box_shadow_color=\u00bbrgba(1,33,92,0.1)\u00bb locked=\u00bboff\u00bb sticky_enabled=\u00bb0&#8243; title_text=\u00bbJUDIAS BLANCAS\u00bb][\/et_pb_blurb][\/et_pb_column][et_pb_column type=\u00bb1_3&#8243; _builder_version=\u00bb3.25&#8243; custom_padding=\u00bb|||\u00bb custom_padding__hover=\u00bb|||\u00bb][et_pb_blurb title=\u00bbCocido\u00bb image=\u00bbhttp:\/\/madrid2.com\/residencia\/wp-content\/uploads\/2021\/04\/cocido.jpg\u00bb image_max_width_tablet=\u00bb60px\u00bb image_max_width_phone=\u00bb250px\u00bb image_max_width_last_edited=\u00bbon|tablet\u00bb _builder_version=\u00bb4.9.3&#8243; header_font=\u00bbMerriweather|700|||||||\u00bb header_line_height=\u00bb1.8em\u00bb body_line_height=\u00bb2em\u00bb background_color=\u00bb#ffffff\u00bb background_image=\u00bbhttp:\/\/madrid2.com\/residencia\/wp-content\/uploads\/2021\/02\/nutritionist-26-1.png\u00bb background_size=\u00bbcontain\u00bb background_position=\u00bbtop_right\u00bb text_orientation=\u00bbcenter\u00bb custom_margin=\u00bb60px|||\u00bb custom_margin_tablet=\u00bb0px|||\u00bb custom_margin_phone=\u00bb\u00bb custom_margin_last_edited=\u00bbon|tablet\u00bb custom_padding=\u00bb50px|30px|50px|30px|true|true\u00bb animation_style=\u00bbzoom\u00bb animation_intensity_zoom=\u00bb10%\u00bb hover_enabled=\u00bb0&#8243; border_radii=\u00bbon|10px|10px|10px|10px\u00bb box_shadow_style=\u00bbpreset1&#8243; box_shadow_vertical=\u00bb10px\u00bb box_shadow_blur=\u00bb60px\u00bb box_shadow_color=\u00bbrgba(1,33,92,0.1)\u00bb locked=\u00bboff\u00bb sticky_enabled=\u00bb0&#8243;][\/et_pb_blurb][et_pb_blurb title=\u00bbCluletas de cordero\u00bb image=\u00bbhttp:\/\/madrid2.com\/residencia\/wp-content\/uploads\/2021\/04\/chuletas-de-cordero.jpg\u00bb image_max_width_tablet=\u00bb60px\u00bb image_max_width_phone=\u00bb250px\u00bb image_max_width_last_edited=\u00bbon|tablet\u00bb _builder_version=\u00bb4.9.3&#8243; header_font=\u00bbMerriweather|700|||||||\u00bb header_line_height=\u00bb1.8em\u00bb body_line_height=\u00bb2em\u00bb background_color=\u00bb#ffffff\u00bb background_image=\u00bbhttp:\/\/madrid2.com\/residencia\/wp-content\/uploads\/2021\/02\/nutritionist-26-1.png\u00bb background_size=\u00bbcontain\u00bb background_position=\u00bbtop_right\u00bb text_orientation=\u00bbcenter\u00bb custom_margin=\u00bb60px|||\u00bb custom_margin_tablet=\u00bb0px|||\u00bb custom_margin_phone=\u00bb\u00bb custom_margin_last_edited=\u00bbon|tablet\u00bb custom_padding=\u00bb50px|30px|50px|30px|true|true\u00bb animation_style=\u00bbzoom\u00bb animation_intensity_zoom=\u00bb10%\u00bb hover_enabled=\u00bb0&#8243; border_radii=\u00bbon|10px|10px|10px|10px\u00bb box_shadow_style=\u00bbpreset1&#8243; box_shadow_vertical=\u00bb10px\u00bb box_shadow_blur=\u00bb60px\u00bb box_shadow_color=\u00bbrgba(1,33,92,0.1)\u00bb locked=\u00bboff\u00bb sticky_enabled=\u00bb0&#8243; title_text=\u00bbchuletas de cordero\u00bb][\/et_pb_blurb][et_pb_blurb title=\u00bbSalmorejo\u00bb image=\u00bbhttp:\/\/madrid2.com\/residencia\/wp-content\/uploads\/2021\/04\/salmorejo.jpg\u00bb image_max_width_tablet=\u00bb60px\u00bb image_max_width_phone=\u00bb250px\u00bb image_max_width_last_edited=\u00bbon|tablet\u00bb _builder_version=\u00bb4.9.3&#8243; header_font=\u00bbMerriweather|700|||||||\u00bb header_line_height=\u00bb1.8em\u00bb body_line_height=\u00bb2em\u00bb background_color=\u00bb#ffffff\u00bb background_image=\u00bbhttp:\/\/madrid2.com\/residencia\/wp-content\/uploads\/2021\/04\/nutritionist-25-1.png\u00bb background_size=\u00bbcontain\u00bb background_position=\u00bbtop_right\u00bb text_orientation=\u00bbcenter\u00bb custom_margin=\u00bb60px|||\u00bb custom_margin_tablet=\u00bb0px|||\u00bb custom_margin_phone=\u00bb\u00bb custom_margin_last_edited=\u00bbon|tablet\u00bb custom_padding=\u00bb50px|30px|50px|30px|true|true\u00bb animation_style=\u00bbzoom\u00bb animation_intensity_zoom=\u00bb10%\u00bb hover_enabled=\u00bb0&#8243; border_radii=\u00bbon|10px|10px|10px|10px\u00bb box_shadow_style=\u00bbpreset1&#8243; box_shadow_vertical=\u00bb10px\u00bb box_shadow_blur=\u00bb60px\u00bb box_shadow_color=\u00bbrgba(1,33,92,0.1)\u00bb locked=\u00bboff\u00bb title_text=\u00bbsalmorejo\u00bb sticky_enabled=\u00bb0&#8243;][\/et_pb_blurb][\/et_pb_column][et_pb_column type=\u00bb1_3&#8243; _builder_version=\u00bb3.25&#8243; custom_padding=\u00bb|||\u00bb custom_padding__hover=\u00bb|||\u00bb][et_pb_blurb title=\u00bbPotaje\u00bb image=\u00bbhttp:\/\/madrid2.com\/residencia\/wp-content\/uploads\/2021\/04\/potaje.jpg\u00bb image_max_width_tablet=\u00bb60px\u00bb image_max_width_phone=\u00bb250px\u00bb image_max_width_last_edited=\u00bbon|tablet\u00bb _builder_version=\u00bb4.9.3&#8243; header_font=\u00bbMerriweather|700|||||||\u00bb header_line_height=\u00bb1.8em\u00bb body_line_height=\u00bb2em\u00bb background_color=\u00bb#ffffff\u00bb background_image=\u00bbhttp:\/\/madrid2.com\/residencia\/wp-content\/uploads\/2021\/04\/nutritionist-27-1.png\u00bb background_size=\u00bbcontain\u00bb background_position=\u00bbtop_right\u00bb text_orientation=\u00bbcenter\u00bb custom_padding=\u00bb50px|30px|50px|30px|true|true\u00bb animation_style=\u00bbzoom\u00bb animation_intensity_zoom=\u00bb10%\u00bb hover_enabled=\u00bb0&#8243; border_radii=\u00bbon|10px|10px|10px|10px\u00bb box_shadow_style=\u00bbpreset1&#8243; box_shadow_vertical=\u00bb10px\u00bb box_shadow_blur=\u00bb60px\u00bb box_shadow_color=\u00bbrgba(1,33,92,0.1)\u00bb sticky_enabled=\u00bb0&#8243;][\/et_pb_blurb][et_pb_blurb title=\u00bbTorrija\u00bb image=\u00bbhttp:\/\/madrid2.com\/residencia\/wp-content\/uploads\/2021\/04\/TORRIJAS.jpg\u00bb image_max_width_tablet=\u00bb60px\u00bb image_max_width_phone=\u00bb250px\u00bb image_max_width_last_edited=\u00bbon|tablet\u00bb _builder_version=\u00bb4.9.3&#8243; header_font=\u00bbMerriweather|700|||||||\u00bb header_line_height=\u00bb1.8em\u00bb body_line_height=\u00bb2em\u00bb background_color=\u00bb#ffffff\u00bb background_image=\u00bbhttp:\/\/madrid2.com\/residencia\/wp-content\/uploads\/2021\/04\/nutritionist-25-1.png\u00bb background_size=\u00bbcontain\u00bb background_position=\u00bbtop_right\u00bb text_orientation=\u00bbcenter\u00bb custom_margin=\u00bb60px|||\u00bb custom_margin_tablet=\u00bb0px|||\u00bb custom_margin_phone=\u00bb\u00bb custom_margin_last_edited=\u00bbon|tablet\u00bb custom_padding=\u00bb50px|30px|50px|30px|true|true\u00bb animation_style=\u00bbzoom\u00bb animation_intensity_zoom=\u00bb10%\u00bb hover_enabled=\u00bb0&#8243; border_radii=\u00bbon|10px|10px|10px|10px\u00bb box_shadow_style=\u00bbpreset1&#8243; box_shadow_vertical=\u00bb10px\u00bb box_shadow_blur=\u00bb60px\u00bb box_shadow_color=\u00bbrgba(1,33,92,0.1)\u00bb locked=\u00bboff\u00bb title_text=\u00bbTORRIJAS\u00bb sticky_enabled=\u00bb0&#8243;][\/et_pb_blurb][et_pb_blurb title=\u00bbLac\u00f3n\u00bb image=\u00bbhttp:\/\/madrid2.com\/residencia\/wp-content\/uploads\/2021\/04\/lacon.jpg\u00bb image_max_width_tablet=\u00bb60px\u00bb image_max_width_phone=\u00bb250px\u00bb image_max_width_last_edited=\u00bbon|tablet\u00bb _builder_version=\u00bb4.9.3&#8243; header_font=\u00bbMerriweather|700|||||||\u00bb header_line_height=\u00bb1.8em\u00bb body_line_height=\u00bb2em\u00bb background_color=\u00bb#ffffff\u00bb background_image=\u00bbhttp:\/\/madrid2.com\/residencia\/wp-content\/uploads\/2021\/04\/nutritionist-27-1.png\u00bb background_size=\u00bbcontain\u00bb background_position=\u00bbtop_right\u00bb text_orientation=\u00bbcenter\u00bb custom_padding=\u00bb50px|30px|50px|30px|true|true\u00bb animation_style=\u00bbzoom\u00bb animation_intensity_zoom=\u00bb10%\u00bb hover_enabled=\u00bb0&#8243; border_radii=\u00bbon|10px|10px|10px|10px\u00bb box_shadow_style=\u00bbpreset1&#8243; box_shadow_vertical=\u00bb10px\u00bb box_shadow_blur=\u00bb60px\u00bb box_shadow_color=\u00bbrgba(1,33,92,0.1)\u00bb title_text=\u00bblacon\u00bb sticky_enabled=\u00bb0&#8243;][\/et_pb_blurb][\/et_pb_column][\/et_pb_row][\/et_pb_section]\n","protected":false},"excerpt":{"rendered":"","protected":false},"author":1,"featured_media":0,"parent":0,"menu_order":0,"comment_status":"closed","ping_status":"closed","template":"","meta":{"_et_pb_use_builder":"on","_et_pb_old_content":"","_et_gb_content_width":"","footnotes":""},"class_list":["post-8993","page","type-page","status-publish","hentry"],"_links":{"self":[{"href":"http:\/\/madrid2.com\/residencia\/wp-json\/wp\/v2\/pages\/8993","targetHints":{"allow":["GET"]}}],"collection":[{"href":"http:\/\/madrid2.com\/residencia\/wp-json\/wp\/v2\/pages"}],"about":[{"href":"http:\/\/madrid2.com\/residencia\/wp-json\/wp\/v2\/types\/page"}],"author":[{"embeddable":true,"href":"http:\/\/madrid2.com\/residencia\/wp-json\/wp\/v2\/users\/1"}],"replies":[{"embeddable":true,"href":"http:\/\/madrid2.com\/residencia\/wp-json\/wp\/v2\/comments?post=8993"}],"version-history":[{"count":11,"href":"http:\/\/madrid2.com\/residencia\/wp-json\/wp\/v2\/pages\/8993\/revisions"}],"predecessor-version":[{"id":9074,"href":"http:\/\/madrid2.com\/residencia\/wp-json\/wp\/v2\/pages\/8993\/revisions\/9074"}],"wp:attachment":[{"href":"http:\/\/madrid2.com\/residencia\/wp-json\/wp\/v2\/media?parent=8993"}],"curies":[{"name":"wp","href":"https:\/\/api.w.org\/{rel}","templated":true}]}}